{"id":22364,"date":"2020-03-24T21:50:59","date_gmt":"2020-03-24T20:50:59","guid":{"rendered":"http:\/\/trackandfield.bplaced.net\/?page_id=22364"},"modified":"2023-06-03T09:25:59","modified_gmt":"2023-06-03T07:25:59","slug":"oesterreich","status":"publish","type":"page","link":"https:\/\/trackandfield.bplaced.net\/blog\/videos\/oesterreich\/","title":{"rendered":"\u00d6sterreich"},"content":{"rendered":"\n<h2 class=\"wp-block-heading\">\u00d6sterreichische Meisterschaften<\/h2>\n\n\n\n<p><a rel=\"noreferrer noopener\" href=\"https:\/\/www.youtube.com\/playlist?list=PLV7HCrp49-jyy76wj2hSESti5YI9xYZqJ\" target=\"_blank\">\u00d6M Crosslauf<\/a><br \/><a rel=\"noreferrer noopener\" aria-label=\" (\u00f6ffnet in neuem Tab)\" href=\"https:\/\/www.youtube.com\/playlist?list=PLV7HCrp49-jwriUz9uM-glZyJ0ipjmQJH\" target=\"_blank\">\u00d6M Freiluft<\/a><br \/><a rel=\"noreferrer noopener\" aria-label=\" (\u00f6ffnet in neuem Tab)\" href=\"https:\/\/www.youtube.com\/playlist?list=PLV7HCrp49-jwgcDjF7IkNPfNQPS428zWw\" target=\"_blank\">\u00d6M Halle<\/a><br \/><a href=\"https:\/\/www.youtube.com\/playlist?list=PLV7HCrp49-jwxXKY6eoYDH7VHZ4VKqiyt\" target=\"_blank\" rel=\"noreferrer noopener\">\u00d6M Marathon\/Halbmarathon<\/a><br \/><a rel=\"noreferrer noopener\" href=\"https:\/\/www.youtube.com\/playlist?list=PLV7HCrp49-jxBGU2UJ6F8DBnci5BSLfOL\" target=\"_blank\">\u00d6M Mehrkampf<\/a><br \/><a rel=\"noreferrer noopener\" aria-label=\" (\u00f6ffnet in neuem Tab)\" href=\"https:\/\/www.youtube.com\/playlist?list=PLV7HCrp49-jxnfFvh-OJJDpqLKFjDAL4j\" target=\"_blank\">\u00d6M Vereine<\/a><\/p>\n\n\n\n<h2 class=\"wp-block-heading\">\u00d6sterreichische Meetings &#8211; Freiluft<\/h2>\n\n\n\n<p><a href=\"https:\/\/www.youtube.com\/playlist?list=PLV7HCrp49-jyqzeHoF7rZD0zUxAz2_rF9\" target=\"_blank\" rel=\"noreferrer noopener\">Hypo Meeting G\u00f6tzis 2023<\/a><br \/><a rel=\"noreferrer noopener\" href=\"https:\/\/www.youtube.com\/playlist?list=PLV7HCrp49-jyDVee_75TfyvPw8_gTokxQ\" target=\"_blank\">Hypo Meeting G\u00f6tzis 2022<\/a><br \/><a rel=\"noreferrer noopener\" href=\"https:\/\/www.youtube.com\/playlist?list=PLV7HCrp49-jwM3PNbCY15WwSbbouFkYQq\" target=\"_blank\">Hypo Meeting G\u00f6tzis 2021<\/a><br \/><a rel=\"noreferrer noopener\" href=\"https:\/\/www.youtube.com\/playlist?list=PLV7HCrp49-jyYttcSqBWoZ1A_kcBFy5fL\" target=\"_blank\">Hypo Meeting G\u00f6tzis 2019<\/a><br \/><a rel=\"noreferrer noopener\" href=\"https:\/\/www.youtube.com\/playlist?list=PLV7HCrp49-jwjSuFXVQdYoqNC2eR_gtWL\" target=\"_blank\">Hypo Meeting G\u00f6tzis 2018<\/a><br \/><a rel=\"noreferrer noopener\" href=\"https:\/\/www.youtube.com\/playlist?list=PLV7HCrp49-jyYUN4VvrnrSppOsYeHh3vz\" target=\"_blank\">Hypo Meeting G\u00f6tzis 2017<\/a><br \/><a rel=\"noreferrer noopener\" href=\"https:\/\/www.youtube.com\/playlist?list=PLV7HCrp49-jw5C0zYwZh9qZQ4RuHjfpvZ\" target=\"_blank\">Hypo Meeting G\u00f6tzis 2016<\/a><br \/><a rel=\"noreferrer noopener\" href=\"https:\/\/www.youtube.com\/playlist?list=PLV7HCrp49-jxQfDY0yq0Vh4kNucSHl9ll\" target=\"_blank\">Hypo Meeting G\u00f6tzis 2015<\/a><br \/><a rel=\"noreferrer noopener\" href=\"https:\/\/www.youtube.com\/playlist?list=PLV7HCrp49-jyJ7wmweYCjuI_BQu_4Y4Bk\" target=\"_blank\">Hypo Meeting G\u00f6tzis 2014<\/a><br \/><a rel=\"noreferrer noopener\" href=\"https:\/\/www.youtube.com\/playlist?list=PLV7HCrp49-jzvG8BmXW6OgFRj2vKP1KOZ\" target=\"_blank\">Hypo Meeting G\u00f6tzis 2013<\/a><br \/><a rel=\"noreferrer noopener\" href=\"https:\/\/www.youtube.com\/playlist?list=PLV7HCrp49-jzvafOGP-zLFA_JX6Y2ssX9\" target=\"_blank\">Hypo Meeting G\u00f6tzis 2012<\/a><br \/><a rel=\"noreferrer noopener\" href=\"https:\/\/www.youtube.com\/playlist?list=PLV7HCrp49-jwaSLQSIoT5defKYHpUwXcD\" target=\"_blank\">Hypo Meeting G\u00f6tzis &#8211; Beste Damen<\/a><br \/><a rel=\"noreferrer noopener\" href=\"https:\/\/www.youtube.com\/playlist?list=PLV7HCrp49-jzfOp40BlErDG9F6MxISbjF\" target=\"_blank\">Hypo Meeting G\u00f6tzis &#8211; Weltrekorde<\/a><\/p>\n\n\n\n<p><a href=\"https:\/\/www.youtube.com\/playlist?list=PLV7HCrp49-jxgfv2FxufHr_DJ1WdOVNus\" target=\"_blank\" rel=\"noreferrer noopener\">1-Stunden Siebenkampf Amstetten<\/a><br \/><a rel=\"noreferrer noopener\" href=\"https:\/\/www.youtube.com\/playlist?list=PLV7HCrp49-jzmz8meviUkMajjpuOVZdC8\" target=\"_blank\">Austrian Top Meeting Graz<\/a><br \/><a rel=\"noreferrer noopener\" href=\"https:\/\/www.youtube.com\/playlist?list=PLV7HCrp49-jxvLSFF9B1rwnq3rSaEfh4t\" target=\"_blank\">Austrian Top Meeting Eisenstadt<\/a><br \/><a rel=\"noreferrer noopener\" aria-label=\" (\u00f6ffnet in neuem Tab)\" href=\"https:\/\/www.youtube.com\/playlist?list=PLV7HCrp49-jxLwddQvoLSy6ItwkQ3kBIT\" target=\"_blank\">Golden Roof Challenge<\/a><br \/><a rel=\"noreferrer noopener\" aria-label=\" (\u00f6ffnet in neuem Tab)\" href=\"https:\/\/www.youtube.com\/playlist?list=PLV7HCrp49-jyV3DETR4YW_erBiBNtj9gP\" target=\"_blank\">Gugl Games<\/a><br \/><a rel=\"noreferrer noopener\" aria-label=\" (\u00f6ffnet in neuem Tab)\" href=\"https:\/\/www.youtube.com\/playlist?list=PLV7HCrp49-jy-FykvGzHRt-FVhAB_bVSE\" target=\"_blank\">Internationales Josko Laufmeeting Andorf<\/a><br \/><a rel=\"noreferrer noopener\" href=\"https:\/\/www.youtube.com\/playlist?list=PLV7HCrp49-jyhFqyqEeQoYM59_nzxmFu-\" target=\"_blank\">Lentos Jump Linz<\/a><br \/><a rel=\"noreferrer noopener\" aria-label=\" (\u00f6ffnet in neuem Tab)\" href=\"https:\/\/www.youtube.com\/playlist?list=PLV7HCrp49-jzBYGjnpbkWquPq4SG-M09z\" target=\"_blank\">Liese Prokop Memorial St. P\u00f6lten<\/a><br \/><a rel=\"noreferrer noopener\" aria-label=\" (\u00f6ffnet in neuem Tab)\" href=\"https:\/\/www.youtube.com\/playlist?list=PLV7HCrp49-jxZtNOSBVpmFDHB4WI8HBSh\" target=\"_blank\">Messe Ried Leichtathletikmeeting<\/a><br \/><a rel=\"noreferrer noopener\" href=\"https:\/\/www.youtube.com\/playlist?list=PLV7HCrp49-jx1AEoT1kJ4EVX143OpYBOF\" target=\"_blank\">Mid Summer Track Night Wien<\/a><br \/><a rel=\"noreferrer noopener\" aria-label=\" (\u00f6ffnet in neuem Tab)\" href=\"https:\/\/www.youtube.com\/playlist?list=PLV7HCrp49-jyHwVPBK16y25RWrGDFg00l\" target=\"_blank\">Salzburger Cityjump<\/a><br \/><a rel=\"noreferrer noopener\" aria-label=\" (\u00f6ffnet in neuem Tab)\" href=\"https:\/\/www.youtube.com\/playlist?list=PLV7HCrp49-jwDCfgKlrG4Xvz1kwac9n7Z\" target=\"_blank\">Salzburger Leichtathletikgala<\/a><br \/><a rel=\"noreferrer noopener\" aria-label=\" (\u00f6ffnet in neuem Tab)\" href=\"https:\/\/www.youtube.com\/playlist?list=PLV7HCrp49-jy9Uxr7SO661YXD2A6lxLxW\" target=\"_blank\">Union Leichtathletikgala Linz<\/a><\/p>\n\n\n\n<h2 class=\"wp-block-heading\">\u00d6sterreichische Meetings &#8211; Halle<\/h2>\n\n\n\n<p><a rel=\"noreferrer noopener\" href=\"https:\/\/www.youtube.com\/playlist?list=PLV7HCrp49-jwOgOPwZ5SLxfNgok3cs6I8\" target=\"_blank\">Gugl Indoor<\/a><br \/><a rel=\"noreferrer noopener\" aria-label=\" (\u00f6ffnet in neuem Tab)\" href=\"https:\/\/www.youtube.com\/playlist?list=PLV7HCrp49-jzm_RYItDHVbA7kuRvgNH28\" target=\"_blank\">Indoor Track&amp;Field Vienna<\/a><\/p>\n\n\n\n<h2 class=\"wp-block-heading\">Dokumentationen \/ Interviews<\/h2>\n\n\n\n<p><a rel=\"noreferrer noopener\" aria-label=\" (\u00f6ffnet in neuem Tab)\" href=\"https:\/\/www.youtube.com\/playlist?list=PLV7HCrp49-jxFhtyG8Nb4sTu1Mvg2kKVM\" target=\"_blank\">ORF Sport am Sonntag<\/a><br \/><a href=\"https:\/\/www.youtube.com\/playlist?list=PLV7HCrp49-jyUq3UL3i05zQyB6iShnYbM\" target=\"_blank\" rel=\"noreferrer noopener\">Club ORF Sport+<\/a><br \/><a rel=\"noreferrer noopener\" href=\"https:\/\/www.youtube.com\/playlist?list=PLV7HCrp49-jzOb2mZRTkUJSNewEChRsal\" target=\"_blank\">Sch\u00e4tze aus dem ORF Archiv &#8211; Rekorde &amp; Bestleistungen 1991-2019<\/a><\/p>\n\n\n\n<h2 class=\"wp-block-heading\">Marathon<\/h2>\n\n\n\n<p><a rel=\"noreferrer noopener\" href=\"https:\/\/www.youtube.com\/playlist?list=PLV7HCrp49-jy6jIk9T7LBNqBbdtPUsYbD\" target=\"_blank\">3-L\u00e4nder-Marathon Bodensee<\/a><br \/><a rel=\"noreferrer noopener\" href=\"https:\/\/www.youtube.com\/playlist?list=PLV7HCrp49-jzmssDE1pBeHhmTEWSVLLN3\" target=\"_blank\">Graz Marathon<\/a><br \/><a rel=\"noreferrer noopener\" href=\"https:\/\/www.youtube.com\/playlist?list=PLV7HCrp49-jyWqx0yvMSFWnd2_KoSKMRC\" target=\"_blank\">Linz Marathon<\/a><br \/><a href=\"https:\/\/www.youtube.com\/playlist?list=PLV7HCrp49-jyzWqBsdcbLYIniU85_plCA\" target=\"_blank\" rel=\"noreferrer noopener\">S7 Marathon F\u00fcrstenfeld<\/a><br \/><a rel=\"noreferrer noopener\" href=\"https:\/\/www.youtube.com\/playlist?list=PLV7HCrp49-jxAW_fGtWJ-kqQVPHDWPoxk\" target=\"_blank\">Salzburg Marathon<\/a><br \/><a rel=\"noreferrer noopener\" href=\"https:\/\/www.youtube.com\/playlist?list=PLV7HCrp49-jw9g3_uH1u3I-NNxou4UEnc\" target=\"_blank\">Vienna City Marathon<\/a><br \/><a rel=\"noreferrer noopener\" href=\"https:\/\/www.youtube.com\/playlist?list=PLV7HCrp49-jyscSlAi5IvRxaQLwyFZVH2\" target=\"_blank\">Wachau Marathon<\/a><\/p>\n\n\n\n<h2 class=\"wp-block-heading\">Stra\u00dfenlauf<\/h2>\n\n\n\n<p><a rel=\"noreferrer noopener\" href=\"https:\/\/www.youtube.com\/playlist?list=PLV7HCrp49-jzJmwNTvR_OMV4C76f_WoAS\" target=\"_blank\">K\u00e4rnten L\u00e4uft<\/a><br \/><a rel=\"noreferrer noopener\" aria-label=\" (\u00f6ffnet in neuem Tab)\" href=\"https:\/\/www.youtube.com\/playlist?list=PLV7HCrp49-jxHFRa084QgYU7ia57rC_5b\" target=\"_blank\">\u00d6sterreichischer Frauenlauf<\/a><br \/><a rel=\"noreferrer noopener\" aria-label=\" (\u00f6ffnet in neuem Tab)\" href=\"https:\/\/www.youtube.com\/playlist?list=PLV7HCrp49-jwk3R9Hmr-v4oswYLYmhKTU\" target=\"_blank\">R\u00f6merlauf Leibnitz<\/a><br \/><a rel=\"noreferrer noopener\" href=\"https:\/\/www.youtube.com\/playlist?list=PLV7HCrp49-jz1lwjC4OU57SbGJiNbeIE6\" target=\"_blank\">SIE+ER Lauf Wien<\/a><br \/><a href=\"https:\/\/www.youtube.com\/playlist?list=PLV7HCrp49-jyShiQJdvpfJxThboe73L4d\" target=\"_blank\" rel=\"noreferrer noopener\">Silvesterlauf Peuerbach<\/a><\/p>\n\n\n\n<h2 class=\"wp-block-heading\">Ultra-\/Trail-\/Urbanlauf<\/h2>\n\n\n\n<p><a rel=\"noreferrer noopener\" href=\"https:\/\/www.youtube.com\/playlist?list=PLV7HCrp49-jxj793DlU6ZEGVtQGeF9ca8\" target=\"_blank\">Grazathlon<\/a><br \/><a rel=\"noreferrer noopener\" href=\"https:\/\/www.youtube.com\/playlist?list=PLV7HCrp49-jy2pmkyRw3GvR1warGlbaJL\" target=\"_blank\">Gro\u00dfglockner Berglauf<\/a><br \/><a rel=\"noreferrer noopener\" href=\"https:\/\/www.youtube.com\/playlist?list=PLV7HCrp49-jwAHPrMSa9jQUEEAA4ovHIo\" target=\"_blank\">Mozart 100<\/a><br \/><a rel=\"noreferrer noopener\" href=\"https:\/\/www.youtube.com\/playlist?list=PLV7HCrp49-jySrZB-N0_46fxMSc7um3Q_\" target=\"_blank\">\u00d6tscher Marathon<\/a><br \/><a rel=\"noreferrer noopener\" href=\"https:\/\/www.youtube.com\/playlist?list=PLV7HCrp49-jyw1fFkXEnI6OcZxiqjWSXc\" target=\"_blank\">Red Bull 400<\/a><br \/><a href=\"https:\/\/www.youtube.com\/playlist?list=PLV7HCrp49-jwpjUDH0Z4V6okqoP6ispO1\" target=\"_blank\" rel=\"noreferrer noopener\">Silvretta 3000<\/a><\/p>\n","protected":false},"excerpt":{"rendered":"<p>\u00d6sterreichische Meisterschaften \u00d6M Crosslauf\u00d6M Freiluft\u00d6M Halle\u00d6M Marathon\/Halbmarathon\u00d6M Mehrkampf\u00d6M Vereine \u00d6sterreichische Meetings &#8211; Freiluft Hypo Meeting G\u00f6tzis 2023Hypo Meeting G\u00f6tzis 2022Hypo Meeting G\u00f6tzis 2021Hypo Meeting G\u00f6tzis 2019Hypo Meeting G\u00f6tzis 2018Hypo Meeting G\u00f6tzis 2017Hypo Meeting G\u00f6tzis 2016Hypo Meeting G\u00f6tzis 2015Hypo Meeting G\u00f6tzis <a class=\"more-link\" href=\"https:\/\/trackandfield.bplaced.net\/blog\/videos\/oesterreich\/\"><span class=\"screen-reader-text\">  \u00d6sterreich<\/span> weiterlesen<span class=\"meta-nav\">&rarr;<\/span><\/a><\/p>\n","protected":false},"author":1,"featured_media":0,"parent":22410,"menu_order":0,"comment_status":"closed","ping_status":"closed","template":"","meta":{"footnotes":""},"class_list":["post-22364","page","type-page","status-publish","hentry"],"_links":{"self":[{"href":"https:\/\/trackandfield.bplaced.net\/blog\/wp-json\/wp\/v2\/pages\/22364","targetHints":{"allow":["GET"]}}],"collection":[{"href":"https:\/\/trackandfield.bplaced.net\/blog\/wp-json\/wp\/v2\/pages"}],"about":[{"href":"https:\/\/trackandfield.bplaced.net\/blog\/wp-json\/wp\/v2\/types\/page"}],"author":[{"embeddable":true,"href":"https:\/\/trackandfield.bplaced.net\/blog\/wp-json\/wp\/v2\/users\/1"}],"replies":[{"embeddable":true,"href":"https:\/\/trackandfield.bplaced.net\/blog\/wp-json\/wp\/v2\/comments?post=22364"}],"version-history":[{"count":5,"href":"https:\/\/trackandfield.bplaced.net\/blog\/wp-json\/wp\/v2\/pages\/22364\/revisions"}],"predecessor-version":[{"id":31957,"href":"https:\/\/trackandfield.bplaced.net\/blog\/wp-json\/wp\/v2\/pages\/22364\/revisions\/31957"}],"up":[{"embeddable":true,"href":"https:\/\/trackandfield.bplaced.net\/blog\/wp-json\/wp\/v2\/pages\/22410"}],"wp:attachment":[{"href":"https:\/\/trackandfield.bplaced.net\/blog\/wp-json\/wp\/v2\/media?parent=22364"}],"curies":[{"name":"wp","href":"https:\/\/api.w.org\/{rel}","templated":true}]}}