{"id":7,"date":"2009-06-29T20:41:48","date_gmt":"2009-06-29T18:41:48","guid":{"rendered":"http:\/\/trackandfield.bplaced.net\/wordpress_de\/?page_id=7"},"modified":"2016-09-01T08:27:14","modified_gmt":"2016-09-01T06:27:14","slug":"uber-mich","status":"publish","type":"page","link":"https:\/\/trackandfield.bplaced.net\/blog\/uber-mich\/","title":{"rendered":"\u00dcber mich"},"content":{"rendered":"<p>Hallo,<\/p>\n<p>Mein Name ist hosl und ich wei\u00df von nichts. Im Laufe der Zeit hat sich allerdings eine gewisse Leidenschaft zur Leichtathletik entwickelt.<\/p>\n<h4>Wer ist dieser hosl eigentlich?<\/h4>\n<p>Im Prinzip ist es unerheblich und es k\u00f6nnte jeder sein. Jeder (der auf diesem Blog gelandet ist) kann bzw. leistet vermutlich schon (s)einen Beitrag zur Leichtathletik. Das versuche ich auch (nicht nur) mit hosl&#8217;s blog.<\/p>\n<p><iframe loading=\"lazy\" src=\"\/\/www.youtube.com\/embed\/SnnhobJgK9w\" width=\"560\" height=\"315\" frameborder=\"0\" allowfullscreen=\"allowfullscreen\"><\/iframe><\/p>\n<p>cu on or off the track, hosl<\/p>\n<p>Ich schreibe hier nur \u00fcber meine eigenen Erfahrungen bzw. Gespr\u00e4che mit einigen Sportlern. Falls sich trotzdem jemand dadurch in seiner Lebensweise eingeschr\u00e4nkt f\u00fchlt, m\u00f6ge er mir dies mitteilen per <a href=\"http:\/\/www.facebook.com\/hosl.at\" target=\"_blank\">Facebook<\/a> oder email <a title=\"hoslat@gmail.com\" href=\"mailto:hoslat@gmail.com\">hoslat@gmail.com<\/a>) und wir werden eventuell einen Konsens finden. Ansonsten w\u00fcnsche ich dir noch viel Spa\u00df mit diesem Blog.<\/p>\n<p>PS: Dieser Blog ist werbefinanziert (<a title=\"Google Adsense\" href=\"http:\/\/www.google.com\/adsense\" target=\"_blank\">Google Adsense<\/a>) und verwendet Cookies, Javascript usw. zur Besucheranalyse (<a title=\"Google Analytics\" href=\"http:\/\/www.google.com\/analytics\/\" target=\"_blank\">Google Analytics<\/a>).<\/p>\n","protected":false},"excerpt":{"rendered":"<p>Hallo, Mein Name ist hosl und ich wei\u00df von nichts. Im Laufe der Zeit hat sich allerdings eine gewisse Leidenschaft zur Leichtathletik entwickelt. Wer ist dieser hosl eigentlich? Im Prinzip ist es unerheblich und es k\u00f6nnte jeder sein. Jeder (der <a class=\"more-link\" href=\"https:\/\/trackandfield.bplaced.net\/blog\/uber-mich\/\"><span class=\"screen-reader-text\">  \u00dcber mich<\/span> weiterlesen<span class=\"meta-nav\">&rarr;<\/span><\/a><\/p>\n","protected":false},"author":1,"featured_media":0,"parent":0,"menu_order":0,"comment_status":"open","ping_status":"open","template":"","meta":{"footnotes":""},"class_list":["post-7","page","type-page","status-publish","hentry"],"_links":{"self":[{"href":"https:\/\/trackandfield.bplaced.net\/blog\/wp-json\/wp\/v2\/pages\/7","targetHints":{"allow":["GET"]}}],"collection":[{"href":"https:\/\/trackandfield.bplaced.net\/blog\/wp-json\/wp\/v2\/pages"}],"about":[{"href":"https:\/\/trackandfield.bplaced.net\/blog\/wp-json\/wp\/v2\/types\/page"}],"author":[{"embeddable":true,"href":"https:\/\/trackandfield.bplaced.net\/blog\/wp-json\/wp\/v2\/users\/1"}],"replies":[{"embeddable":true,"href":"https:\/\/trackandfield.bplaced.net\/blog\/wp-json\/wp\/v2\/comments?post=7"}],"version-history":[{"count":0,"href":"https:\/\/trackandfield.bplaced.net\/blog\/wp-json\/wp\/v2\/pages\/7\/revisions"}],"wp:attachment":[{"href":"https:\/\/trackandfield.bplaced.net\/blog\/wp-json\/wp\/v2\/media?parent=7"}],"curies":[{"name":"wp","href":"https:\/\/api.w.org\/{rel}","templated":true}]}}